{"id":1894,"date":"2023-09-10T17:05:45","date_gmt":"2023-09-10T15:05:45","guid":{"rendered":"https:\/\/destruction-nid-de-frelons.fr\/?page_id=1894"},"modified":"2023-09-10T17:14:59","modified_gmt":"2023-09-10T15:14:59","slug":"desinsectisation-des-cafards-et-blattes-a-saint-martin-du-var","status":"publish","type":"page","link":"https:\/\/destruction-nid-de-frelons.fr\/index.php\/desinsectisation-des-cafards-et-blattes-a-saint-martin-du-var\/","title":{"rendered":"D\u00e9sinsectisation des Cafards et Blattes \u00e0 Saint-Martin-du-Var"},"content":{"rendered":"\n\n[et_pb_section fb_built=\u00a0\u00bb1&Prime; custom_padding_last_edited=\u00a0\u00bbon|tablet\u00a0\u00bb next_background_color=\u00a0\u00bb#fcfaf7&Prime; admin_label=\u00a0\u00bbHeader\u00a0\u00bb _builder_version=\u00a0\u00bb4.16&Prime; background_color=\u00a0\u00bb#fcfaf7&Prime; background_image=\u00a0\u00bbhttps:\/\/destruction-nid-de-frelons.fr\/wp-content\/uploads\/2021\/01\/farm-09-2.png\u00a0\u00bb background_size=\u00a0\u00bbinitial\u00a0\u00bb background_position=\u00a0\u00bbtop_center\u00a0\u00bb custom_padding=\u00a0\u00bb||10vw|||\u00a0\u00bb custom_padding_tablet=\u00a0\u00bb||0vw|\u00a0\u00bb custom_padding_phone=\u00a0\u00bb\u00a0\u00bb bottom_divider_style=\u00a0\u00bbwave\u00a0\u00bb bottom_divider_height=\u00a0\u00bb80%\u00a0\u00bb bottom_divider_repeat=\u00a0\u00bb0.6x\u00a0\u00bb bottom_divider_flip=\u00a0\u00bbvertical|horizontal\u00a0\u00bb global_colors_info=\u00a0\u00bb{}\u00a0\u00bb][et_pb_row column_structure=\u00a0\u00bb1_2,1_2&Prime; _builder_version=\u00a0\u00bb4.16&Prime; custom_margin=\u00a0\u00bb100px||\u00a0\u00bb custom_margin_tablet=\u00a0\u00bb||\u00a0\u00bb custom_margin_phone=\u00a0\u00bb0px|||\u00a0\u00bb custom_margin_last_edited=\u00a0\u00bbon|tablet\u00a0\u00bb global_colors_info=\u00a0\u00bb{}\u00a0\u00bb][et_pb_column type=\u00a0\u00bb1_2&Prime; _builder_version=\u00a0\u00bb4.16&Prime; custom_padding=\u00a0\u00bb|||\u00a0\u00bb global_colors_info=\u00a0\u00bb{}\u00a0\u00bb custom_padding__hover=\u00a0\u00bb|||\u00a0\u00bb][et_pb_text _builder_version=\u00a0\u00bb4.16&Prime; header_font=\u00a0\u00bbCormorant Garamond|700|||||||\u00a0\u00bb header_text_color=\u00a0\u00bb#002855&Prime; header_font_size=\u00a0\u00bb70px\u00a0\u00bb header_letter_spacing=\u00a0\u00bb1px\u00a0\u00bb header_line_height=\u00a0\u00bb1.2em\u00a0\u00bb header_font_size_tablet=\u00a0\u00bb40px\u00a0\u00bb header_font_size_phone=\u00a0\u00bb34px\u00a0\u00bb header_font_size_last_edited=\u00a0\u00bbon|desktop\u00a0\u00bb header_letter_spacing_tablet=\u00a0\u00bb0px\u00a0\u00bb header_letter_spacing_phone=\u00a0\u00bb0px\u00a0\u00bb header_letter_spacing_last_edited=\u00a0\u00bbon|tablet\u00a0\u00bb global_colors_info=\u00a0\u00bb{}\u00a0\u00bb]<h1>D\u00e9sinsectisation des Cafards et Blattes \u00e0 Saint-Martin-du-Var<\/h1>[\/et_pb_text][et_pb_text _builder_version=\u00a0\u00bb4.16&Prime; text_font=\u00a0\u00bbOpen Sans||||||||\u00a0\u00bb text_font_size=\u00a0\u00bb17px\u00a0\u00bb text_letter_spacing=\u00a0\u00bb0.5px\u00a0\u00bb text_line_height=\u00a0\u00bb2em\u00a0\u00bb transform_scale_tablet=\u00a0\u00bb\u00a0\u00bb transform_scale_phone=\u00a0\u00bb\u00a0\u00bb transform_scale_last_edited=\u00a0\u00bbon|desktop\u00a0\u00bb transform_translate_tablet=\u00a0\u00bb\u00a0\u00bb transform_translate_phone=\u00a0\u00bb\u00a0\u00bb transform_translate_last_edited=\u00a0\u00bbon|desktop\u00a0\u00bb transform_rotate_tablet=\u00a0\u00bb\u00a0\u00bb transform_rotate_phone=\u00a0\u00bb\u00a0\u00bb transform_rotate_last_edited=\u00a0\u00bbon|desktop\u00a0\u00bb transform_skew_tablet=\u00a0\u00bb\u00a0\u00bb transform_skew_phone=\u00a0\u00bb\u00a0\u00bb transform_skew_last_edited=\u00a0\u00bbon|desktop\u00a0\u00bb transform_origin_tablet=\u00a0\u00bb\u00a0\u00bb transform_origin_phone=\u00a0\u00bb\u00a0\u00bb transform_origin_last_edited=\u00a0\u00bbon|desktop\u00a0\u00bb transform_styles_last_edited=\u00a0\u00bbon|desktop\u00a0\u00bb text_font_size_tablet=\u00a0\u00bb16px\u00a0\u00bb text_font_size_phone=\u00a0\u00bb14px\u00a0\u00bb text_font_size_last_edited=\u00a0\u00bbon|phone\u00a0\u00bb text_letter_spacing_tablet=\u00a0\u00bb\u00a0\u00bb text_letter_spacing_phone=\u00a0\u00bb0px\u00a0\u00bb text_letter_spacing_last_edited=\u00a0\u00bbon|tablet\u00a0\u00bb transform_styles_tablet=\u00a0\u00bb\u00a0\u00bb transform_styles_phone=\u00a0\u00bb\u00a0\u00bb global_colors_info=\u00a0\u00bb{}\u00a0\u00bb]<blockquote>\n<p><strong>D\u00e9sinsectisation Active contre les Cafards et les Blattes \u00e0 Saint-Martin-du-Var : \u00c9liminez les Nuisibles pour un Environnement Sain<\/strong><\/p>\n<p>Lorsque les cafards et les blattes infestent votre domicile ou votre entreprise \u00e0 Saint-Martin-du-Var, cela peut rapidement devenir un <a href=\"http:\/\/www.bendejun.net\/\">probl\u00e8me<\/a> s\u00e9rieux. Non seulement ces insectes nuisibles sont d\u00e9sagr\u00e9ables \u00e0 voir, mais ils peuvent \u00e9galement constituer une menace pour la sant\u00e9 et l&rsquo;hygi\u00e8ne. C&rsquo;est pourquoi notre service de d\u00e9sinsectisation \u00e0 Saint-Martin-du-Var est sp\u00e9cialement con\u00e7u pour \u00e9liminer ces intrus ind\u00e9sirables de mani\u00e8re rapide et efficace, vous <a href=\"https:\/\/destruction-nid-de-frelons.fr\/index.php\/nos-prestations\/\">permettant<\/a> de retrouver un environnement propre et sans nuisibles.<\/p>\n<p><span>\u00a0<\/span><\/p>\n<\/blockquote>[\/et_pb_text][\/et_pb_column][et_pb_column type=\u00a0\u00bb1_2&Prime; _builder_version=\u00a0\u00bb4.16&Prime; custom_padding=\u00a0\u00bb|||\u00a0\u00bb global_colors_info=\u00a0\u00bb{}\u00a0\u00bb custom_padding__hover=\u00a0\u00bb|||\u00a0\u00bb][et_pb_image src=\u00a0\u00bbhttps:\/\/destruction-nid-de-frelons.fr\/wp-content\/uploads\/2023\/09\/nuisible_cafard.jpg\u00a0\u00bb title_text=\u00a0\u00bbnuisible_cafard\u00a0\u00bb align=\u00a0\u00bbright\u00a0\u00bb disabled_on=\u00a0\u00bbon|off|off\u00a0\u00bb _builder_version=\u00a0\u00bb4.22.1&Prime; transform_scale=\u00a0\u00bb120%|120%\u00a0\u00bb transform_scale_tablet=\u00a0\u00bb100%|100%\u00a0\u00bb transform_scale_phone=\u00a0\u00bb\u00a0\u00bb transform_scale_last_edited=\u00a0\u00bbon|tablet\u00a0\u00bb transform_translate_tablet=\u00a0\u00bb\u00a0\u00bb transform_translate_phone=\u00a0\u00bb\u00a0\u00bb transform_translate_last_edited=\u00a0\u00bbon|desktop\u00a0\u00bb transform_rotate_tablet=\u00a0\u00bb\u00a0\u00bb transform_rotate_phone=\u00a0\u00bb\u00a0\u00bb transform_rotate_last_edited=\u00a0\u00bbon|desktop\u00a0\u00bb transform_skew_tablet=\u00a0\u00bb\u00a0\u00bb transform_skew_phone=\u00a0\u00bb\u00a0\u00bb transform_skew_last_edited=\u00a0\u00bbon|desktop\u00a0\u00bb transform_origin_tablet=\u00a0\u00bb\u00a0\u00bb transform_origin_phone=\u00a0\u00bb\u00a0\u00bb transform_origin_last_edited=\u00a0\u00bbon|desktop\u00a0\u00bb transform_styles_last_edited=\u00a0\u00bbon|tablet\u00a0\u00bb width_tablet=\u00a0\u00bb45%\u00a0\u00bb width_phone=\u00a0\u00bb\u00a0\u00bb width_last_edited=\u00a0\u00bbon|tablet\u00a0\u00bb max_width=\u00a0\u00bb59%\u00a0\u00bb module_alignment=\u00a0\u00bbcenter\u00a0\u00bb min_height=\u00a0\u00bb375px\u00a0\u00bb height=\u00a0\u00bb398px\u00a0\u00bb max_height=\u00a0\u00bb999px\u00a0\u00bb custom_margin=\u00a0\u00bb71px||||false|false\u00a0\u00bb hover_enabled=\u00a0\u00bb0&Prime; transform_styles_tablet=\u00a0\u00bb\u00a0\u00bb transform_styles_phone=\u00a0\u00bb\u00a0\u00bb border_radii=\u00a0\u00bbon|176px|176px|176px|176px\u00a0\u00bb always_center_on_mobile=\u00a0\u00bboff\u00a0\u00bb global_colors_info=\u00a0\u00bb{}\u00a0\u00bb sticky_enabled=\u00a0\u00bb0&Prime;][\/et_pb_image][\/et_pb_column][\/et_pb_row][\/et_pb_section][et_pb_section fb_built=\u00a0\u00bb1&Prime; custom_padding_last_edited=\u00a0\u00bbon|tablet\u00a0\u00bb admin_label=\u00a0\u00bbTestimonials\u00a0\u00bb _builder_version=\u00a0\u00bb4.16&Prime; background_color=\u00a0\u00bb#fcfaf7&Prime; use_background_color_gradient=\u00a0\u00bbon\u00a0\u00bb background_color_gradient_stops=\u00a0\u00bb#fcfaf7 0%|#ffffff 79%\u00a0\u00bb background_color_gradient_start=\u00a0\u00bb#fcfaf7&Prime; background_color_gradient_end=\u00a0\u00bb#ffffff\u00a0\u00bb background_color_gradient_end_position=\u00a0\u00bb79%\u00a0\u00bb background_image=\u00a0\u00bbhttps:\/\/destruction-nid-de-frelons.fr\/wp-content\/uploads\/2021\/01\/farm-16.png\u00a0\u00bb background_size=\u00a0\u00bbinitial\u00a0\u00bb custom_padding=\u00a0\u00bb0px||0px||true|\u00a0\u00bb custom_padding_tablet=\u00a0\u00bb0px||0px||true\u00a0\u00bb custom_padding_phone=\u00a0\u00bb\u00a0\u00bb global_colors_info=\u00a0\u00bb{}\u00a0\u00bb][et_pb_row _builder_version=\u00a0\u00bb4.16&Prime; global_colors_info=\u00a0\u00bb{}\u00a0\u00bb][et_pb_column type=\u00a0\u00bb4_4&Prime; _builder_version=\u00a0\u00bb4.16&Prime; custom_padding=\u00a0\u00bb|||\u00a0\u00bb global_colors_info=\u00a0\u00bb{}\u00a0\u00bb custom_padding__hover=\u00a0\u00bb|||\u00a0\u00bb][et_pb_text _builder_version=\u00a0\u00bb4.16&Prime; text_font=\u00a0\u00bb||||||||\u00a0\u00bb header_font=\u00a0\u00bb||||||||\u00a0\u00bb header_2_font=\u00a0\u00bbCormorant Garamond|700|||||||\u00a0\u00bb header_2_text_color=\u00a0\u00bb#002855&Prime; header_2_font_size=\u00a0\u00bb50px\u00a0\u00bb header_2_line_height=\u00a0\u00bb1.2em\u00a0\u00bb text_orientation=\u00a0\u00bbcenter\u00a0\u00bb max_width=\u00a0\u00bb600px\u00a0\u00bb module_alignment=\u00a0\u00bbcenter\u00a0\u00bb header_2_font_size_tablet=\u00a0\u00bb36px\u00a0\u00bb header_2_font_size_phone=\u00a0\u00bb28px\u00a0\u00bb header_2_font_size_last_edited=\u00a0\u00bbon|phone\u00a0\u00bb header_2_letter_spacing_tablet=\u00a0\u00bb0px\u00a0\u00bb header_2_letter_spacing_phone=\u00a0\u00bb0px\u00a0\u00bb header_2_letter_spacing_last_edited=\u00a0\u00bboff|tablet\u00a0\u00bb locked=\u00a0\u00bboff\u00a0\u00bb global_colors_info=\u00a0\u00bb{}\u00a0\u00bb]<h2><span lang=\"fr\">Des professionnels qualifi\u00e9s et \u00e9quip\u00e9s interviennent <o:p><\/o:p><\/span><\/h2>[\/et_pb_text][\/et_pb_column][\/et_pb_row][et_pb_row column_structure=\u00a0\u00bb1_3,1_3,1_3&Prime; padding_top_bottom_link_1=\u00a0\u00bbfalse\u00a0\u00bb _builder_version=\u00a0\u00bb4.16&Prime; background_color=\u00a0\u00bbrgba(247,245,242,0.9)\u00a0\u00bb custom_padding=\u00a0\u00bb60px|40px|60px|40px|true|true\u00a0\u00bb global_colors_info=\u00a0\u00bb{}\u00a0\u00bb][et_pb_column type=\u00a0\u00bb1_3&Prime; _builder_version=\u00a0\u00bb4.16&Prime; custom_padding=\u00a0\u00bb|||\u00a0\u00bb global_colors_info=\u00a0\u00bb{}\u00a0\u00bb custom_padding__hover=\u00a0\u00bb|||\u00a0\u00bb][et_pb_text _builder_version=\u00a0\u00bb4.16&Prime; text_font=\u00a0\u00bbOpen Sans||||||||\u00a0\u00bb text_font_size=\u00a0\u00bb17px\u00a0\u00bb text_letter_spacing=\u00a0\u00bb0.5px\u00a0\u00bb text_line_height=\u00a0\u00bb2em\u00a0\u00bb header_4_font=\u00a0\u00bbCormorant Garamond|700|||||||\u00a0\u00bb header_4_text_color=\u00a0\u00bb#57ac5a\u00a0\u00bb header_4_font_size=\u00a0\u00bb26px\u00a0\u00bb header_4_line_height=\u00a0\u00bb1.5em\u00a0\u00bb transform_scale_tablet=\u00a0\u00bb\u00a0\u00bb transform_scale_phone=\u00a0\u00bb\u00a0\u00bb transform_scale_last_edited=\u00a0\u00bbon|desktop\u00a0\u00bb transform_translate_tablet=\u00a0\u00bb\u00a0\u00bb transform_translate_phone=\u00a0\u00bb\u00a0\u00bb transform_translate_last_edited=\u00a0\u00bbon|desktop\u00a0\u00bb transform_rotate_tablet=\u00a0\u00bb\u00a0\u00bb transform_rotate_phone=\u00a0\u00bb\u00a0\u00bb transform_rotate_last_edited=\u00a0\u00bbon|desktop\u00a0\u00bb transform_skew_tablet=\u00a0\u00bb\u00a0\u00bb transform_skew_phone=\u00a0\u00bb\u00a0\u00bb transform_skew_last_edited=\u00a0\u00bbon|desktop\u00a0\u00bb transform_origin_tablet=\u00a0\u00bb\u00a0\u00bb transform_origin_phone=\u00a0\u00bb\u00a0\u00bb transform_origin_last_edited=\u00a0\u00bbon|desktop\u00a0\u00bb transform_styles_last_edited=\u00a0\u00bbon|desktop\u00a0\u00bb text_font_size_tablet=\u00a0\u00bb16px\u00a0\u00bb text_font_size_phone=\u00a0\u00bb14px\u00a0\u00bb text_font_size_last_edited=\u00a0\u00bbon|phone\u00a0\u00bb text_letter_spacing_tablet=\u00a0\u00bb\u00a0\u00bb text_letter_spacing_phone=\u00a0\u00bb0px\u00a0\u00bb text_letter_spacing_last_edited=\u00a0\u00bbon|tablet\u00a0\u00bb header_4_font_size_tablet=\u00a0\u00bb\u00a0\u00bb header_4_font_size_phone=\u00a0\u00bb20px\u00a0\u00bb header_4_font_size_last_edited=\u00a0\u00bbon|phone\u00a0\u00bb transform_styles_tablet=\u00a0\u00bb\u00a0\u00bb transform_styles_phone=\u00a0\u00bb\u00a0\u00bb locked=\u00a0\u00bboff\u00a0\u00bb global_colors_info=\u00a0\u00bb{}\u00a0\u00bb]<p>Les cafards et les blattes sont plus que de simples nuisibles. Ils peuvent propager des maladies graves, contaminer les surfaces, les aliments et l&rsquo;air int\u00e9rieur, ce qui peut provoquer des probl\u00e8mes de sant\u00e9 graves. Pour prot\u00e9ger la s\u00e9curit\u00e9 de votre espace, il est essentiel de prendre des mesures pour les \u00e9radiquer.<\/p>\n<p>Notre entreprise de d\u00e9sinsectisation \u00e0 Saint-Martin-du-Var se sp\u00e9cialise dans la d\u00e9tection, l&rsquo;\u00e9limination et la pr\u00e9vention des cafards et des blattes. Nous comprenons l&rsquo;urgence de la situation et sommes pr\u00eats \u00e0 intervenir rapidement et efficacement.<\/p>\n<p>&nbsp;<\/p>\n<p><span style=\"color: #1e1e1e;\"><span style=\"font-weight: 400;\">\u00a0<\/span><\/span><\/p>[\/et_pb_text][\/et_pb_column][et_pb_column type=\u00a0\u00bb1_3&Prime; _builder_version=\u00a0\u00bb4.16&Prime; custom_padding=\u00a0\u00bb|||\u00a0\u00bb global_colors_info=\u00a0\u00bb{}\u00a0\u00bb custom_padding__hover=\u00a0\u00bb|||\u00a0\u00bb][et_pb_text _builder_version=\u00a0\u00bb4.16&Prime; text_font=\u00a0\u00bbOpen Sans||||||||\u00a0\u00bb text_font_size=\u00a0\u00bb17px\u00a0\u00bb text_letter_spacing=\u00a0\u00bb0.5px\u00a0\u00bb text_line_height=\u00a0\u00bb2em\u00a0\u00bb header_4_font=\u00a0\u00bbCormorant Garamond|700|||||||\u00a0\u00bb header_4_text_color=\u00a0\u00bb#57ac5a\u00a0\u00bb header_4_font_size=\u00a0\u00bb26px\u00a0\u00bb header_4_line_height=\u00a0\u00bb1.5em\u00a0\u00bb transform_scale_tablet=\u00a0\u00bb\u00a0\u00bb transform_scale_phone=\u00a0\u00bb\u00a0\u00bb transform_scale_last_edited=\u00a0\u00bbon|desktop\u00a0\u00bb transform_translate_tablet=\u00a0\u00bb\u00a0\u00bb transform_translate_phone=\u00a0\u00bb\u00a0\u00bb transform_translate_last_edited=\u00a0\u00bbon|desktop\u00a0\u00bb transform_rotate_tablet=\u00a0\u00bb\u00a0\u00bb transform_rotate_phone=\u00a0\u00bb\u00a0\u00bb transform_rotate_last_edited=\u00a0\u00bbon|desktop\u00a0\u00bb transform_skew_tablet=\u00a0\u00bb\u00a0\u00bb transform_skew_phone=\u00a0\u00bb\u00a0\u00bb transform_skew_last_edited=\u00a0\u00bbon|desktop\u00a0\u00bb transform_origin_tablet=\u00a0\u00bb\u00a0\u00bb transform_origin_phone=\u00a0\u00bb\u00a0\u00bb transform_origin_last_edited=\u00a0\u00bbon|desktop\u00a0\u00bb transform_styles_last_edited=\u00a0\u00bbon|desktop\u00a0\u00bb text_font_size_tablet=\u00a0\u00bb16px\u00a0\u00bb text_font_size_phone=\u00a0\u00bb14px\u00a0\u00bb text_font_size_last_edited=\u00a0\u00bbon|phone\u00a0\u00bb text_letter_spacing_tablet=\u00a0\u00bb\u00a0\u00bb text_letter_spacing_phone=\u00a0\u00bb0px\u00a0\u00bb text_letter_spacing_last_edited=\u00a0\u00bbon|tablet\u00a0\u00bb header_4_font_size_tablet=\u00a0\u00bb\u00a0\u00bb header_4_font_size_phone=\u00a0\u00bb20px\u00a0\u00bb header_4_font_size_last_edited=\u00a0\u00bbon|phone\u00a0\u00bb transform_styles_tablet=\u00a0\u00bb\u00a0\u00bb transform_styles_phone=\u00a0\u00bb\u00a0\u00bb locked=\u00a0\u00bboff\u00a0\u00bb global_colors_info=\u00a0\u00bb{}\u00a0\u00bb]<p>La premi\u00e8re \u00e9tape de notre processus consiste \u00e0 \u00e9valuer la situation. Nos experts inspectent minutieusement votre espace pour identifier les zones \u00e0 risque et d\u00e9terminer l&rsquo;ampleur de l&rsquo;infestation. Cette \u00e9valuation approfondie nous permet de d\u00e9velopper une strat\u00e9gie de d\u00e9sinsectisation sur mesure, adapt\u00e9e \u00e0 vos besoins sp\u00e9cifiques.<\/p>\n<p>Nous utilisons une vari\u00e9t\u00e9 de m\u00e9thodes actives et cibl\u00e9es pour \u00e9liminer les cafards et les blattes. Cela peut inclure l&rsquo;utilisation de traitements sp\u00e9cifiques, d&rsquo;app\u00e2ts et de techniques de pi\u00e9geage con\u00e7ues pour capturer ces insectes de mani\u00e8re efficace. La s\u00e9curit\u00e9 de l&rsquo;environnement et des personnes est toujours notre priorit\u00e9 absolue.<\/p>\n<p><span>\u00a0<\/span><\/p>\n<p><span style=\"color: #2d2d2d;\">\u00a0<\/span><\/p>\n<p><span style=\"color: #1e1e1e;\"><span style=\"font-weight: 400;\">\u00a0<\/span><\/span><\/p>[\/et_pb_text][\/et_pb_column][et_pb_column type=\u00a0\u00bb1_3&Prime; _builder_version=\u00a0\u00bb4.16&Prime; custom_padding=\u00a0\u00bb|||\u00a0\u00bb global_colors_info=\u00a0\u00bb{}\u00a0\u00bb custom_padding__hover=\u00a0\u00bb|||\u00a0\u00bb][\/et_pb_column][\/et_pb_row][et_pb_row _builder_version=\u00a0\u00bb4.16&Prime; _module_preset=\u00a0\u00bbdefault\u00a0\u00bb custom_padding=\u00a0\u00bb23px|||||\u00a0\u00bb global_colors_info=\u00a0\u00bb{}\u00a0\u00bb][et_pb_column type=\u00a0\u00bb4_4&Prime; _builder_version=\u00a0\u00bb4.16&Prime; _module_preset=\u00a0\u00bbdefault\u00a0\u00bb global_colors_info=\u00a0\u00bb{}\u00a0\u00bb][et_pb_image src=\u00a0\u00bbhttps:\/\/destruction-nid-de-frelons.fr\/wp-content\/uploads\/2021\/03\/Sans-titre-3-2.jpg\u00a0\u00bb title_text=\u00a0\u00bbSans titre 3&Prime; align=\u00a0\u00bbcenter\u00a0\u00bb _builder_version=\u00a0\u00bb4.16&Prime; _module_preset=\u00a0\u00bbdefault\u00a0\u00bb global_colors_info=\u00a0\u00bb{}\u00a0\u00bb][\/et_pb_image][\/et_pb_column][\/et_pb_row][\/et_pb_section]\n\n","protected":false},"excerpt":{"rendered":"<p>D\u00e9sinsectisation des Cafards et Blattes \u00e0 Saint-Martin-du-Var D\u00e9sinsectisation Active contre les Cafards et les Blattes \u00e0 Saint-Martin-du-Var : \u00c9liminez les Nuisibles pour un Environnement Sain Lorsque les cafards et les blattes infestent votre domicile ou votre entreprise \u00e0 Saint-Martin-du-Var, cela peut rapidement devenir un probl\u00e8me s\u00e9rieux. Non seulement ces insectes nuisibles sont d\u00e9sagr\u00e9ables \u00e0 voir, [&hellip;]<\/p>\n","protected":false},"author":1,"featured_media":0,"parent":0,"menu_order":0,"comment_status":"closed","ping_status":"closed","template":"","meta":{"_et_pb_use_builder":"on","_et_pb_old_content":"<!-- wp:divi\/placeholder \/-->","_et_gb_content_width":"","footnotes":""},"class_list":["post-1894","page","type-page","status-publish","hentry"],"yoast_head":"<!-- This site is optimized with the Yoast SEO plugin v27.4 - https:\/\/yoast.com\/product\/yoast-seo-wordpress\/ -->\n<title>D\u00e9sinsectisation des Cafards et Blattes \u00e0 Saint-Martin-du-Var - Chasseurs de frelons<\/title>\n<meta name=\"description\" content=\"D\u00e9sinsectisation des Cafards et Blattes \u00e0 Saint-Martin-du-Var , Saint-Blaise, Levens, Bendejun , Extermination de tout nuisibles\" \/>\n<meta name=\"robots\" content=\"index, follow, max-snippet:-1, max-image-preview:large, max-video-preview:-1\" \/>\n<link rel=\"canonical\" href=\"https:\/\/destruction-nid-de-frelons.fr\/index.php\/desinsectisation-des-cafards-et-blattes-a-saint-martin-du-var\/\" \/>\n<meta property=\"og:locale\" content=\"fr_FR\" \/>\n<meta property=\"og:type\" content=\"article\" \/>\n<meta property=\"og:title\" content=\"D\u00e9sinsectisation des Cafards et Blattes \u00e0 Saint-Martin-du-Var - Chasseurs de frelons\" \/>\n<meta property=\"og:description\" content=\"D\u00e9sinsectisation des Cafards et Blattes \u00e0 Saint-Martin-du-Var , Saint-Blaise, Levens, Bendejun , Extermination de tout nuisibles\" \/>\n<meta property=\"og:url\" content=\"https:\/\/destruction-nid-de-frelons.fr\/index.php\/desinsectisation-des-cafards-et-blattes-a-saint-martin-du-var\/\" \/>\n<meta property=\"og:site_name\" content=\"Chasseurs de frelons\" \/>\n<meta property=\"article:modified_time\" content=\"2023-09-10T15:14:59+00:00\" \/>\n<meta name=\"twitter:card\" content=\"summary_large_image\" \/>\n<meta name=\"twitter:label1\" content=\"Dur\u00e9e de lecture estim\u00e9e\" \/>\n\t<meta name=\"twitter:data1\" content=\"7 minutes\" \/>\n<script type=\"application\/ld+json\" class=\"yoast-schema-graph\">{\"@context\":\"https:\\\/\\\/schema.org\",\"@graph\":[{\"@type\":\"WebPage\",\"@id\":\"https:\\\/\\\/destruction-nid-de-frelons.fr\\\/index.php\\\/desinsectisation-des-cafards-et-blattes-a-saint-martin-du-var\\\/\",\"url\":\"https:\\\/\\\/destruction-nid-de-frelons.fr\\\/index.php\\\/desinsectisation-des-cafards-et-blattes-a-saint-martin-du-var\\\/\",\"name\":\"D\u00e9sinsectisation des Cafards et Blattes \u00e0 Saint-Martin-du-Var - Chasseurs de frelons\",\"isPartOf\":{\"@id\":\"https:\\\/\\\/destruction-nid-de-frelons.fr\\\/#website\"},\"datePublished\":\"2023-09-10T15:05:45+00:00\",\"dateModified\":\"2023-09-10T15:14:59+00:00\",\"description\":\"D\u00e9sinsectisation des Cafards et Blattes \u00e0 Saint-Martin-du-Var , Saint-Blaise, Levens, Bendejun , Extermination de tout nuisibles\",\"breadcrumb\":{\"@id\":\"https:\\\/\\\/destruction-nid-de-frelons.fr\\\/index.php\\\/desinsectisation-des-cafards-et-blattes-a-saint-martin-du-var\\\/#breadcrumb\"},\"inLanguage\":\"fr-FR\",\"potentialAction\":[{\"@type\":\"ReadAction\",\"target\":[\"https:\\\/\\\/destruction-nid-de-frelons.fr\\\/index.php\\\/desinsectisation-des-cafards-et-blattes-a-saint-martin-du-var\\\/\"]}]},{\"@type\":\"BreadcrumbList\",\"@id\":\"https:\\\/\\\/destruction-nid-de-frelons.fr\\\/index.php\\\/desinsectisation-des-cafards-et-blattes-a-saint-martin-du-var\\\/#breadcrumb\",\"itemListElement\":[{\"@type\":\"ListItem\",\"position\":1,\"name\":\"Accueil\",\"item\":\"https:\\\/\\\/destruction-nid-de-frelons.fr\\\/\"},{\"@type\":\"ListItem\",\"position\":2,\"name\":\"D\u00e9sinsectisation des Cafards et Blattes \u00e0 Saint-Martin-du-Var\"}]},{\"@type\":\"WebSite\",\"@id\":\"https:\\\/\\\/destruction-nid-de-frelons.fr\\\/#website\",\"url\":\"https:\\\/\\\/destruction-nid-de-frelons.fr\\\/\",\"name\":\"Chasseurs de frelons\",\"description\":\"Chasseurs de frelons\",\"potentialAction\":[{\"@type\":\"SearchAction\",\"target\":{\"@type\":\"EntryPoint\",\"urlTemplate\":\"https:\\\/\\\/destruction-nid-de-frelons.fr\\\/?s={search_term_string}\"},\"query-input\":{\"@type\":\"PropertyValueSpecification\",\"valueRequired\":true,\"valueName\":\"search_term_string\"}}],\"inLanguage\":\"fr-FR\"}]}<\/script>\n<!-- \/ Yoast SEO plugin. -->","yoast_head_json":{"title":"D\u00e9sinsectisation des Cafards et Blattes \u00e0 Saint-Martin-du-Var - Chasseurs de frelons","description":"D\u00e9sinsectisation des Cafards et Blattes \u00e0 Saint-Martin-du-Var , Saint-Blaise, Levens, Bendejun , Extermination de tout nuisibles","robots":{"index":"index","follow":"follow","max-snippet":"max-snippet:-1","max-image-preview":"max-image-preview:large","max-video-preview":"max-video-preview:-1"},"canonical":"https:\/\/destruction-nid-de-frelons.fr\/index.php\/desinsectisation-des-cafards-et-blattes-a-saint-martin-du-var\/","og_locale":"fr_FR","og_type":"article","og_title":"D\u00e9sinsectisation des Cafards et Blattes \u00e0 Saint-Martin-du-Var - Chasseurs de frelons","og_description":"D\u00e9sinsectisation des Cafards et Blattes \u00e0 Saint-Martin-du-Var , Saint-Blaise, Levens, Bendejun , Extermination de tout nuisibles","og_url":"https:\/\/destruction-nid-de-frelons.fr\/index.php\/desinsectisation-des-cafards-et-blattes-a-saint-martin-du-var\/","og_site_name":"Chasseurs de frelons","article_modified_time":"2023-09-10T15:14:59+00:00","twitter_card":"summary_large_image","twitter_misc":{"Dur\u00e9e de lecture estim\u00e9e":"7 minutes"},"schema":{"@context":"https:\/\/schema.org","@graph":[{"@type":"WebPage","@id":"https:\/\/destruction-nid-de-frelons.fr\/index.php\/desinsectisation-des-cafards-et-blattes-a-saint-martin-du-var\/","url":"https:\/\/destruction-nid-de-frelons.fr\/index.php\/desinsectisation-des-cafards-et-blattes-a-saint-martin-du-var\/","name":"D\u00e9sinsectisation des Cafards et Blattes \u00e0 Saint-Martin-du-Var - Chasseurs de frelons","isPartOf":{"@id":"https:\/\/destruction-nid-de-frelons.fr\/#website"},"datePublished":"2023-09-10T15:05:45+00:00","dateModified":"2023-09-10T15:14:59+00:00","description":"D\u00e9sinsectisation des Cafards et Blattes \u00e0 Saint-Martin-du-Var , Saint-Blaise, Levens, Bendejun , Extermination de tout nuisibles","breadcrumb":{"@id":"https:\/\/destruction-nid-de-frelons.fr\/index.php\/desinsectisation-des-cafards-et-blattes-a-saint-martin-du-var\/#breadcrumb"},"inLanguage":"fr-FR","potentialAction":[{"@type":"ReadAction","target":["https:\/\/destruction-nid-de-frelons.fr\/index.php\/desinsectisation-des-cafards-et-blattes-a-saint-martin-du-var\/"]}]},{"@type":"BreadcrumbList","@id":"https:\/\/destruction-nid-de-frelons.fr\/index.php\/desinsectisation-des-cafards-et-blattes-a-saint-martin-du-var\/#breadcrumb","itemListElement":[{"@type":"ListItem","position":1,"name":"Accueil","item":"https:\/\/destruction-nid-de-frelons.fr\/"},{"@type":"ListItem","position":2,"name":"D\u00e9sinsectisation des Cafards et Blattes \u00e0 Saint-Martin-du-Var"}]},{"@type":"WebSite","@id":"https:\/\/destruction-nid-de-frelons.fr\/#website","url":"https:\/\/destruction-nid-de-frelons.fr\/","name":"Chasseurs de frelons","description":"Chasseurs de frelons","potentialAction":[{"@type":"SearchAction","target":{"@type":"EntryPoint","urlTemplate":"https:\/\/destruction-nid-de-frelons.fr\/?s={search_term_string}"},"query-input":{"@type":"PropertyValueSpecification","valueRequired":true,"valueName":"search_term_string"}}],"inLanguage":"fr-FR"}]}},"_links":{"self":[{"href":"https:\/\/destruction-nid-de-frelons.fr\/index.php\/wp-json\/wp\/v2\/pages\/1894","targetHints":{"allow":["GET"]}}],"collection":[{"href":"https:\/\/destruction-nid-de-frelons.fr\/index.php\/wp-json\/wp\/v2\/pages"}],"about":[{"href":"https:\/\/destruction-nid-de-frelons.fr\/index.php\/wp-json\/wp\/v2\/types\/page"}],"author":[{"embeddable":true,"href":"https:\/\/destruction-nid-de-frelons.fr\/index.php\/wp-json\/wp\/v2\/users\/1"}],"replies":[{"embeddable":true,"href":"https:\/\/destruction-nid-de-frelons.fr\/index.php\/wp-json\/wp\/v2\/comments?post=1894"}],"version-history":[{"count":0,"href":"https:\/\/destruction-nid-de-frelons.fr\/index.php\/wp-json\/wp\/v2\/pages\/1894\/revisions"}],"wp:attachment":[{"href":"https:\/\/destruction-nid-de-frelons.fr\/index.php\/wp-json\/wp\/v2\/media?parent=1894"}],"curies":[{"name":"wp","href":"https:\/\/api.w.org\/{rel}","templated":true}]}}